    {"id":22,"date":"2025-10-15T19:29:22","date_gmt":"2025-10-15T19:29:22","guid":{"rendered":"https:\/\/appdigitalworld.com\/?page_id=22"},"modified":"2025-10-15T19:29:22","modified_gmt":"2025-10-15T19:29:22","slug":"about","status":"publish","type":"page","link":"https:\/\/appdigitalworld.com\/es\/about\/","title":{"rendered":"Sobre nosotros"},"content":{"rendered":"<p><strong>Aplicaci\u00f3n Mundo Digital<\/strong> es su destino de confianza para explorar el universo en constante evoluci\u00f3n de <strong>aplicaciones m\u00f3viles, juegos y entretenimiento digital<\/strong>Ofrecemos informaci\u00f3n detallada, rese\u00f1as y gu\u00edas que ayudan a los usuarios a tomar decisiones m\u00e1s inteligentes, ya sea que est\u00e9n descubriendo nuevos juegos, comparando funciones de aplicaciones o aprendiendo sobre las \u00faltimas tendencias en tecnolog\u00eda digital.<\/p>\n\n\n\n<p>En el acelerado panorama digital actual, es f\u00e1cil sentirse perdido entre tantas opciones. Ah\u00ed es donde... <strong>Aplicaci\u00f3n Mundo Digital<\/strong> entra. Simplificamos temas complejos, que van desde <strong>Usabilidad de aplicaciones y estrategias de juego para innovaciones tecnol\u00f3gicas emergentes<\/strong>\u2014para que puedas concentrarte en lo que realmente importa: disfrutar de experiencias digitales que agreguen valor, creatividad y diversi\u00f3n a tu vida diaria.<\/p>\n\n\n\n<p>Si bien ocasionalmente compartimos informaci\u00f3n sobre <strong>aplicaciones, plataformas y herramientas digitales de terceros<\/strong>, tenga en cuenta que <strong>App Digital World no est\u00e1 afiliada ni patrocinada por ninguna empresa externa.<\/strong>Nuestro papel es <strong>Informar, guiar y empoderar a los usuarios<\/strong>, no para vender o promocionar productos espec\u00edficos.<\/p>\n\n\n\n<h2 class=\"wp-block-heading\">Nuestra Misi\u00f3n.<\/h2>\n\n\n\n<p>Nuestra misi\u00f3n es <strong>Hacer que el mundo digital sea m\u00e1s accesible, comprensible y agradable para todos.<\/strong>Ya seas un jugador ocasional, un entusiasta de las aplicaciones o un profesional que explora el entretenimiento basado en la tecnolog\u00eda, <strong>Aplicaci\u00f3n Mundo Digital<\/strong> Proporciona la informaci\u00f3n que necesita para navegar por este espacio con confianza.<\/p>\n\n\n\n<p>Nos centramos en <strong>contenido honesto y basado en investigaciones<\/strong> que ayuda a los lectores a descubrir nuevas posibilidades, sin falsas promesas ni afirmaciones exageradas. Desde explorar las mejores funciones de la aplicaci\u00f3n hasta comprender las comunidades de juegos y los nuevos modelos de entretenimiento, nuestro objetivo es brindarte una <strong>perspectiva clara y confiable<\/strong> sobre lo que est\u00e1 dando forma al futuro digital.<\/p>\n\n\n\n<h2 class=\"wp-block-heading\">Lo que encontrar\u00e1s aqu\u00ed.<\/h2>\n\n\n\n<p>Organizamos nuestro contenido en torno a las necesidades reales de la audiencia digital actual, ofreciendo <strong>informaci\u00f3n estructurada y f\u00e1cil de digerir<\/strong> que le ayuda a explorar, aprender y mantenerse informado.<\/p>\n\n\n\n<h3 class=\"wp-block-heading\">Rese\u00f1as y conocimientos de aplicaciones.<\/h3>\n\n\n\n<p>Descubra an\u00e1lisis imparciales de aplicaciones y desgloses de rendimiento que lo ayudar\u00e1n a identificar herramientas alineadas con sus objetivos, ya sea para la productividad, la creatividad o el ocio.<\/p>\n\n\n\n<h3 class=\"wp-block-heading\">Tendencias y estrategias de juego.<\/h3>\n\n\n\n<p>Mantente al d\u00eda con los \u00faltimos lanzamientos, tesoros ocultos y estrategias para mejorar tu experiencia de juego. Desde \u00e9xitos para m\u00f3viles hasta cl\u00e1sicos indie, lo tenemos todo cubierto.<\/p>\n\n\n\n<h3 class=\"wp-block-heading\">Tecnolog\u00eda y estilo de vida digital.<\/h3>\n\n\n\n<p>Explore art\u00edculos sobre innovaci\u00f3n, aplicaciones de entretenimiento y tendencias digitales emergentes que dan forma a c\u00f3mo jugamos, nos conectamos y creamos en l\u00ednea.<\/p>\n\n\n\n<h3 class=\"wp-block-heading\">Uso digital seguro e inteligente.<\/h3>\n\n\n\n<p>Compartimos pr\u00e1cticas tecnol\u00f3gicas responsables, consejos de privacidad y orientaci\u00f3n para ayudar a los usuarios a tomar decisiones informadas mientras navegan por el mundo digital de forma segura.<\/p>\n\n\n\n<h2 class=\"wp-block-heading\">Nuestro enfoque.<\/h2>\n\n\n\n<p>En <strong>Aplicaci\u00f3n Mundo Digital<\/strong>, operamos con <strong>independencia e integridad<\/strong>Todo nuestro contenido se crea internamente, basado en investigaci\u00f3n s\u00f3lida, experiencia pr\u00e1ctica e informaci\u00f3n verificada. No aceptamos pagos para promocionar aplicaciones, empresas o productos espec\u00edficos.<\/p>\n\n\n\n<p>Creemos que <strong>La tecnolog\u00eda debe empoderar, no confundir<\/strong>Por eso nos comprometemos a publicar <strong>contenido confiable, atractivo e imparcial<\/strong> para usuarios de todos los or\u00edgenes, desde exploradores de aplicaciones ocasionales hasta profesionales digitales que buscan una comprensi\u00f3n m\u00e1s profunda.<\/p>\n\n\n\n<p><strong>Aplicaci\u00f3n Mundo Digital<\/strong> existe para <strong>Informar, inspirar y guiar<\/strong>\u2014nunca exagerar ni enga\u00f1ar. Nuestro objetivo es ayudarte. <strong>navegue con confianza por el espacio digital<\/strong>, con claridad, respeto y curiosidad por lo que viene despu\u00e9s.<\/p>","protected":false},"excerpt":{"rendered":"<p>App Digital World es tu destino de confianza para explorar el universo en constante evoluci\u00f3n de las apps m\u00f3viles, los videojuegos y el entretenimiento digital. Ofrecemos informaci\u00f3n detallada, rese\u00f1as y gu\u00edas que ayudan a los usuarios a tomar decisiones m\u00e1s inteligentes, ya sea para descubrir nuevos juegos, comparar las caracter\u00edsticas de las apps o conocer las \u00faltimas tendencias en tecnolog\u00eda digital. En el acelerado panorama digital actual, es f\u00e1cil [\u2026]<\/p>","protected":false},"author":6,"featured_media":0,"parent":0,"menu_order":0,"comment_status":"closed","ping_status":"closed","template":"","meta":{"footnotes":""},"yoast_head":"<!-- This site is optimized with the Yoast SEO plugin v23.3 - https:\/\/yoast.com\/wordpress\/plugins\/seo\/ -->\n<title>About Us - App Digital World<\/title>\n<meta name=\"robots\" content=\"index, follow, max-snippet:-1, max-image-preview:large, max-video-preview:-1\" \/>\n<link rel=\"canonical\" href=\"https:\/\/appdigitalworld.com\/es\/about\/\" \/>\n<meta property=\"og:locale\" content=\"es_ES\" \/>\n<meta property=\"og:type\" content=\"article\" \/>\n<meta property=\"og:title\" content=\"About Us - App Digital World\" \/>\n<meta property=\"og:description\" content=\"App Digital World is your trusted destination for exploring the ever-evolving universe of mobile apps, gaming, and digital entertainment. We provide in-depth insights, reviews, and guides that help users make smarter choices\u2014whether they\u2019re discovering new games, comparing app features, or learning about the latest trends in digital technology. In today\u2019s fast-paced digital landscape, it\u2019s easy [&hellip;]\" \/>\n<meta property=\"og:url\" content=\"https:\/\/appdigitalworld.com\/es\/about\/\" \/>\n<meta property=\"og:site_name\" content=\"App Digital World\" \/>\n<meta name=\"twitter:card\" content=\"summary_large_image\" \/>\n<meta name=\"twitter:label1\" content=\"Est. reading time\" \/>\n\t<meta name=\"twitter:data1\" content=\"2 minutos\" \/>\n<script type=\"application\/ld+json\" class=\"yoast-schema-graph\">{\"@context\":\"https:\/\/schema.org\",\"@graph\":[{\"@type\":\"WebPage\",\"@id\":\"https:\/\/appdigitalworld.com\/about\/\",\"url\":\"https:\/\/appdigitalworld.com\/about\/\",\"name\":\"About Us - App Digital World\",\"isPartOf\":{\"@id\":\"https:\/\/appdigitalworld.com\/#website\"},\"datePublished\":\"2025-10-15T19:29:22+00:00\",\"dateModified\":\"2025-10-15T19:29:22+00:00\",\"breadcrumb\":{\"@id\":\"https:\/\/appdigitalworld.com\/about\/#breadcrumb\"},\"inLanguage\":\"es-AR\",\"potentialAction\":[{\"@type\":\"ReadAction\",\"target\":[\"https:\/\/appdigitalworld.com\/about\/\"]}]},{\"@type\":\"BreadcrumbList\",\"@id\":\"https:\/\/appdigitalworld.com\/about\/#breadcrumb\",\"itemListElement\":[{\"@type\":\"ListItem\",\"position\":1,\"name\":\"Home\",\"item\":\"https:\/\/appdigitalworld.com\/\"},{\"@type\":\"ListItem\",\"position\":2,\"name\":\"About Us\"}]},{\"@type\":\"WebSite\",\"@id\":\"https:\/\/appdigitalworld.com\/#website\",\"url\":\"https:\/\/appdigitalworld.com\/\",\"name\":\"App Digital World\",\"description\":\"\",\"publisher\":{\"@id\":\"https:\/\/appdigitalworld.com\/#organization\"},\"potentialAction\":[{\"@type\":\"SearchAction\",\"target\":{\"@type\":\"EntryPoint\",\"urlTemplate\":\"https:\/\/appdigitalworld.com\/?s={search_term_string}\"},\"query-input\":\"required name=search_term_string\"}],\"inLanguage\":\"es-AR\"},{\"@type\":\"Organization\",\"@id\":\"https:\/\/appdigitalworld.com\/#organization\",\"name\":\"App Digital World\",\"url\":\"https:\/\/appdigitalworld.com\/\",\"logo\":{\"@type\":\"ImageObject\",\"inLanguage\":\"es-AR\",\"@id\":\"https:\/\/appdigitalworld.com\/#\/schema\/logo\/image\/\",\"url\":\"https:\/\/appdigitalworld.com\/wp-content\/uploads\/sites\/583\/2025\/10\/cropped-app-digital-world.png\",\"contentUrl\":\"https:\/\/appdigitalworld.com\/wp-content\/uploads\/sites\/583\/2025\/10\/cropped-app-digital-world.png\",\"width\":1024,\"height\":1024,\"caption\":\"App Digital World\"},\"image\":{\"@id\":\"https:\/\/appdigitalworld.com\/#\/schema\/logo\/image\/\"}}]}<\/script>\n<!-- \/ Yoast SEO plugin. -->","yoast_head_json":{"title":"About Us - App Digital World","robots":{"index":"index","follow":"follow","max-snippet":"max-snippet:-1","max-image-preview":"max-image-preview:large","max-video-preview":"max-video-preview:-1"},"canonical":"https:\/\/appdigitalworld.com\/es\/about\/","og_locale":"es_ES","og_type":"article","og_title":"About Us - App Digital World","og_description":"App Digital World is your trusted destination for exploring the ever-evolving universe of mobile apps, gaming, and digital entertainment. We provide in-depth insights, reviews, and guides that help users make smarter choices\u2014whether they\u2019re discovering new games, comparing app features, or learning about the latest trends in digital technology. In today\u2019s fast-paced digital landscape, it\u2019s easy [&hellip;]","og_url":"https:\/\/appdigitalworld.com\/es\/about\/","og_site_name":"App Digital World","twitter_card":"summary_large_image","twitter_misc":{"Est. reading time":"2 minutos"},"schema":{"@context":"https:\/\/schema.org","@graph":[{"@type":"WebPage","@id":"https:\/\/appdigitalworld.com\/about\/","url":"https:\/\/appdigitalworld.com\/about\/","name":"About Us - App Digital World","isPartOf":{"@id":"https:\/\/appdigitalworld.com\/#website"},"datePublished":"2025-10-15T19:29:22+00:00","dateModified":"2025-10-15T19:29:22+00:00","breadcrumb":{"@id":"https:\/\/appdigitalworld.com\/about\/#breadcrumb"},"inLanguage":"es-AR","potentialAction":[{"@type":"ReadAction","target":["https:\/\/appdigitalworld.com\/about\/"]}]},{"@type":"BreadcrumbList","@id":"https:\/\/appdigitalworld.com\/about\/#breadcrumb","itemListElement":[{"@type":"ListItem","position":1,"name":"Home","item":"https:\/\/appdigitalworld.com\/"},{"@type":"ListItem","position":2,"name":"About Us"}]},{"@type":"WebSite","@id":"https:\/\/appdigitalworld.com\/#website","url":"https:\/\/appdigitalworld.com\/","name":"App Digital World","description":"","publisher":{"@id":"https:\/\/appdigitalworld.com\/#organization"},"potentialAction":[{"@type":"SearchAction","target":{"@type":"EntryPoint","urlTemplate":"https:\/\/appdigitalworld.com\/?s={search_term_string}"},"query-input":"required name=search_term_string"}],"inLanguage":"es-AR"},{"@type":"Organization","@id":"https:\/\/appdigitalworld.com\/#organization","name":"App Digital World","url":"https:\/\/appdigitalworld.com\/","logo":{"@type":"ImageObject","inLanguage":"es-AR","@id":"https:\/\/appdigitalworld.com\/#\/schema\/logo\/image\/","url":"https:\/\/appdigitalworld.com\/wp-content\/uploads\/sites\/583\/2025\/10\/cropped-app-digital-world.png","contentUrl":"https:\/\/appdigitalworld.com\/wp-content\/uploads\/sites\/583\/2025\/10\/cropped-app-digital-world.png","width":1024,"height":1024,"caption":"App Digital World"},"image":{"@id":"https:\/\/appdigitalworld.com\/#\/schema\/logo\/image\/"}}]}},"_links":{"self":[{"href":"https:\/\/appdigitalworld.com\/es\/wp-json\/wp\/v2\/pages\/22"}],"collection":[{"href":"https:\/\/appdigitalworld.com\/es\/wp-json\/wp\/v2\/pages"}],"about":[{"href":"https:\/\/appdigitalworld.com\/es\/wp-json\/wp\/v2\/types\/page"}],"author":[{"embeddable":true,"href":"https:\/\/appdigitalworld.com\/es\/wp-json\/wp\/v2\/users\/6"}],"replies":[{"embeddable":true,"href":"https:\/\/appdigitalworld.com\/es\/wp-json\/wp\/v2\/comments?post=22"}],"version-history":[{"count":1,"href":"https:\/\/appdigitalworld.com\/es\/wp-json\/wp\/v2\/pages\/22\/revisions"}],"predecessor-version":[{"id":23,"href":"https:\/\/appdigitalworld.com\/es\/wp-json\/wp\/v2\/pages\/22\/revisions\/23"}],"wp:attachment":[{"href":"https:\/\/appdigitalworld.com\/es\/wp-json\/wp\/v2\/media?parent=22"}],"curies":[{"name":"wp","href":"https:\/\/api.w.org\/{rel}","templated":true}]}}